{"id":4657,"date":"2018-12-19T16:50:15","date_gmt":"2018-12-19T16:50:15","guid":{"rendered":"https:\/\/boccas.biz\/?page_id=4657"},"modified":"2022-01-25T11:37:05","modified_gmt":"2022-01-25T11:37:05","slug":"ficha-de-projeto-norte-2020","status":"publish","type":"page","link":"https:\/\/boccas.biz\/pt\/ficha-de-projeto-norte-2020\/","title":{"rendered":"Ficha de Projeto &#8211; Norte 2020"},"content":{"rendered":"<div class=\"gdlr-title-item\">\n<div class=\"gdlr-item-title-wrapper gdlr-item pos-center\">\n<div class=\"gdlr-item-title-head\">\n<h3 class=\"gdlr-item-title gdlr-skin-title gdlr-skin-border\">FICHA DE PROJETO &#8211; NORTE 2020<\/h3>\n<div class=\"clear\"><\/div>\n<\/div>\n<div class=\"gdlr-item-title-divider\"><\/div>\n<div class=\"gdlr-item-title-caption gdlr-skin-info\">Detalhes e informa\u00e7\u00e3o acerca do programa operacional regional do norte.<\/div>\n<\/div>\n<\/div>\n<div class=\"gdlr-image-frame-item gdlr-item\">\n<div class=\"gdlr-frame frame-type-none\">\n<div class=\"gdlr-image-link-shortcode\"><img loading=\"lazy\" decoding=\"async\" style=\"margin: 20px 0px 20px 0px;\" src=\"https:\/\/boccas.biz\/wp-content\/uploads\/2018\/12\/barra_2020_800.png\" alt=\"Ficha de Projeto - Norte 2020\" width=\"800\" height=\"80\" \/><\/div>\n<\/div>\n<\/div>\n<div class=\"gdlr-item gdlr-content-item\">\n<section class=\"av_textblock_section\">\n<div class=\"avia_textblock\">\n<p><strong>Designa\u00e7\u00e3o do projeto\u00a0|\u00a0<\/strong>\u00a0PROJETOS INDIVIDUAIS \u2013 Internacionaliza\u00e7\u00e3o<\/p>\n<p><strong>C\u00f3digo do projeto |\u00a0<\/strong>NORTE-02-0752-FEDER-025608<\/p>\n<p><strong>C\u00f3digo do projeto |\u00a0<\/strong>NORTE-06-3560-FSE-025608<\/p>\n<p><strong>Objetivo principal |\u00a0<\/strong>OT 3 \u2013 Refor\u00e7ar a competitividade das PME<\/p>\n<p><strong>Regi\u00e3o de interven\u00e7\u00e3o |\u00a0<\/strong>Norte<\/p>\n<\/div>\n<\/section>\n<p>&nbsp;<\/p>\n<section class=\"av_textblock_section\">\n<div class=\"avia_textblock\">\n<p><strong>Entidade benefici\u00e1ria |\u00a0<\/strong>BoccasBalls Unipessoal, Lda.<\/p>\n<p><strong>Data de aprova\u00e7\u00e3o |<\/strong>\u00a017-07-2017<\/p>\n<p><strong>Data de in\u00edcio |<\/strong>\u00a017-07-2017<\/p>\n<p><strong>Data de conclus\u00e3o |<\/strong> 16-01-2020<\/p>\n<p><strong>Custo total eleg\u00edvel |\u00a0<\/strong>99.832,07 EUR<\/p>\n<p><strong>Apoio financeiro da Uni\u00e3o Europeia |<\/strong>\u00a0FEDER \u2013 37.336,50 EUR<\/p>\n<p><strong>Apoio financeiro da Uni\u00e3o Europeia |<\/strong>\u00a0FSE \u2013 11.803,45 EUR<\/p>\n<\/div>\n<\/section>\n<p>&nbsp;<\/p>\n<section class=\"av_textblock_section\">\n<div class=\"avia_textblock\">\n<p><b>Objetivos, atividades e resultados esperados\/atingidos<\/b><\/p>\n<p>A BoccasBalls Unipessoal, Lda. foi fundada em 2002, desenvolvendo a sua actividade na produ\u00e7\u00e3o de produtos e equipamento para atletas profissionais de Boccia.<\/p>\n<p>O presente projeto tem como objetivo fundamental promover a internacionaliza\u00e7\u00e3o da empresa suportada na inova\u00e7\u00e3o e no marketing, consolidando assim a sua presen\u00e7a direta e indireta em mercados estrangeiros.<\/p>\n<p>Para alcan\u00e7ar os objetivos estrat\u00e9gicos do projeto, a empresa prev\u00ea desenvolver um plano de a\u00e7\u00f5es, refletido, sobretudo, no aumento substancial do volume de neg\u00f3cios e da margem bruta.<\/p>\n<\/div>\n<div class=\"gallery-column four columns\">\n<div class=\"gallery-item\"><img loading=\"lazy\" decoding=\"async\" class=\"alignleft\" style=\"margin: 15px 0px 100px 0px;\" src=\"https:\/\/boccas.biz\/wp-content\/uploads\/2018\/09\/BoccasBrazil_01-750x360.jpg\" alt=\"Boccas Brazil\" width=\"720\" height=\"346\" \/><\/div>\n<\/div>\n<div class=\"gallery-column four columns\">\n<div class=\"gallery-item\"><img loading=\"lazy\" decoding=\"async\" class=\"alignleft\" style=\"margin: 15px 0px 100px 15px;\" src=\"https:\/\/boccas.biz\/wp-content\/uploads\/2014\/09\/FotosSite_28_10_17-4-750x360.jpg\" alt=\"BISFed 2017- European Championships - P\u00f3voa de Varzim\" width=\"720\" height=\"346\" \/><\/div>\n<\/div>\n<div class=\"gallery-column four columns\">\n<div class=\"gallery-item\"><img loading=\"lazy\" decoding=\"async\" class=\"alignleft\" style=\"margin: 15px 0px 100px 30px;\" src=\"https:\/\/boccas.biz\/wp-content\/uploads\/2017\/10\/BoccasBox_4-750x360.jpg\" alt=\"Boccas Box\" width=\"720\" height=\"346\" \/><\/div>\n<\/div>\n<\/section>\n<\/div>\n<p>&nbsp;<\/p>\n<p>&nbsp;<\/p>\n<p>&nbsp;<\/p>\n<p>&nbsp;<\/p>","protected":false},"excerpt":{"rendered":"<p>FICHA DE PROJETO &#8211; NORTE 2020 Detalhes e informa\u00e7\u00e3o acerca do programa operacional regional do norte. Designa\u00e7\u00e3o do projeto\u00a0|\u00a0\u00a0PROJETOS INDIVIDUAIS \u2013 Internacionaliza\u00e7\u00e3o C\u00f3digo do projeto |\u00a0NORTE-02-0752-FEDER-025608 C\u00f3digo do projeto |\u00a0NORTE-06-3560-FSE-025608 Objetivo principal |\u00a0OT 3 \u2013 Refor\u00e7ar a competitividade das PME Regi\u00e3o de interven\u00e7\u00e3o |\u00a0Norte &nbsp; Entidade benefici\u00e1ria |\u00a0BoccasBalls Unipessoal, Lda. Data de aprova\u00e7\u00e3o |\u00a017-07-2017 Data&#8230; <\/p>\n<div class=\"clear\"><\/div>\n<p><a href=\"https:\/\/boccas.biz\/pt\/ficha-de-projeto-norte-2020\/\" class=\"excerpt-read-more\">Read More<\/a><\/p>","protected":false},"author":1,"featured_media":0,"parent":0,"menu_order":0,"comment_status":"closed","ping_status":"closed","template":"","meta":{"footnotes":""},"class_list":["post-4657","page","type-page","status-publish","hentry"],"yoast_head":"<!-- This site is optimized with the Yoast SEO plugin v27.4 - https:\/\/yoast.com\/product\/yoast-seo-wordpress\/ -->\n<title>Ficha de Projeto - Norte 2020 | Boccas<\/title>\n<meta name=\"robots\" content=\"index, follow, max-snippet:-1, max-image-preview:large, max-video-preview:-1\" \/>\n<link rel=\"canonical\" href=\"https:\/\/boccas.biz\/pt\/ficha-de-projeto-norte-2020\/\" \/>\n<meta property=\"og:locale\" content=\"pt_PT\" \/>\n<meta property=\"og:type\" content=\"article\" \/>\n<meta property=\"og:title\" content=\"Ficha de Projeto - Norte 2020 | Boccas\" \/>\n<meta property=\"og:description\" content=\"FICHA DE PROJETO &#8211; NORTE 2020 Detalhes e informa\u00e7\u00e3o acerca do programa operacional regional do norte. Designa\u00e7\u00e3o do projeto\u00a0|\u00a0\u00a0PROJETOS INDIVIDUAIS \u2013 Internacionaliza\u00e7\u00e3o C\u00f3digo do projeto |\u00a0NORTE-02-0752-FEDER-025608 C\u00f3digo do projeto |\u00a0NORTE-06-3560-FSE-025608 Objetivo principal |\u00a0OT 3 \u2013 Refor\u00e7ar a competitividade das PME Regi\u00e3o de interven\u00e7\u00e3o |\u00a0Norte &nbsp; Entidade benefici\u00e1ria |\u00a0BoccasBalls Unipessoal, Lda. Data de aprova\u00e7\u00e3o |\u00a017-07-2017 Data... Read More\" \/>\n<meta property=\"og:url\" content=\"https:\/\/boccas.biz\/pt\/ficha-de-projeto-norte-2020\/\" \/>\n<meta property=\"og:site_name\" content=\"Boccas\" \/>\n<meta property=\"article:publisher\" content=\"https:\/\/pt-pt.facebook.com\/Boccas-850820878274686\/\" \/>\n<meta property=\"article:modified_time\" content=\"2022-01-25T11:37:05+00:00\" \/>\n<meta property=\"og:image\" content=\"https:\/\/boccas.biz\/wp-content\/uploads\/2018\/12\/barra_2020_800.png\" \/>\n<meta name=\"twitter:card\" content=\"summary_large_image\" \/>\n<meta name=\"twitter:label1\" content=\"Tempo estimado de leitura\" \/>\n\t<meta name=\"twitter:data1\" content=\"2 minutos\" \/>\n<script type=\"application\/ld+json\" class=\"yoast-schema-graph\">{\"@context\":\"https:\\\/\\\/schema.org\",\"@graph\":[{\"@type\":\"WebPage\",\"@id\":\"https:\\\/\\\/boccas.biz\\\/ficha-de-projeto-norte-2020\\\/\",\"url\":\"https:\\\/\\\/boccas.biz\\\/ficha-de-projeto-norte-2020\\\/\",\"name\":\"Ficha de Projeto - Norte 2020 | Boccas\",\"isPartOf\":{\"@id\":\"https:\\\/\\\/boccas.biz\\\/#website\"},\"primaryImageOfPage\":{\"@id\":\"https:\\\/\\\/boccas.biz\\\/ficha-de-projeto-norte-2020\\\/#primaryimage\"},\"image\":{\"@id\":\"https:\\\/\\\/boccas.biz\\\/ficha-de-projeto-norte-2020\\\/#primaryimage\"},\"thumbnailUrl\":\"https:\\\/\\\/boccas.biz\\\/wp-content\\\/uploads\\\/2018\\\/12\\\/barra_2020_800.png\",\"datePublished\":\"2018-12-19T16:50:15+00:00\",\"dateModified\":\"2022-01-25T11:37:05+00:00\",\"breadcrumb\":{\"@id\":\"https:\\\/\\\/boccas.biz\\\/ficha-de-projeto-norte-2020\\\/#breadcrumb\"},\"inLanguage\":\"pt-PT\",\"potentialAction\":[{\"@type\":\"ReadAction\",\"target\":[\"https:\\\/\\\/boccas.biz\\\/ficha-de-projeto-norte-2020\\\/\"]}]},{\"@type\":\"ImageObject\",\"inLanguage\":\"pt-PT\",\"@id\":\"https:\\\/\\\/boccas.biz\\\/ficha-de-projeto-norte-2020\\\/#primaryimage\",\"url\":\"https:\\\/\\\/boccas.biz\\\/wp-content\\\/uploads\\\/2018\\\/12\\\/barra_2020_800.png\",\"contentUrl\":\"https:\\\/\\\/boccas.biz\\\/wp-content\\\/uploads\\\/2018\\\/12\\\/barra_2020_800.png\"},{\"@type\":\"BreadcrumbList\",\"@id\":\"https:\\\/\\\/boccas.biz\\\/ficha-de-projeto-norte-2020\\\/#breadcrumb\",\"itemListElement\":[{\"@type\":\"ListItem\",\"position\":1,\"name\":\"Home\",\"item\":\"https:\\\/\\\/boccas.biz\\\/\"},{\"@type\":\"ListItem\",\"position\":2,\"name\":\"Ficha de Projeto &#8211; Norte 2020\"}]},{\"@type\":\"WebSite\",\"@id\":\"https:\\\/\\\/boccas.biz\\\/#website\",\"url\":\"https:\\\/\\\/boccas.biz\\\/\",\"name\":\"Boccas\",\"description\":\"Boccia Products\",\"publisher\":{\"@id\":\"https:\\\/\\\/boccas.biz\\\/#organization\"},\"potentialAction\":[{\"@type\":\"SearchAction\",\"target\":{\"@type\":\"EntryPoint\",\"urlTemplate\":\"https:\\\/\\\/boccas.biz\\\/?s={search_term_string}\"},\"query-input\":{\"@type\":\"PropertyValueSpecification\",\"valueRequired\":true,\"valueName\":\"search_term_string\"}}],\"inLanguage\":\"pt-PT\"},{\"@type\":\"Organization\",\"@id\":\"https:\\\/\\\/boccas.biz\\\/#organization\",\"name\":\"Boccas\",\"url\":\"https:\\\/\\\/boccas.biz\\\/\",\"logo\":{\"@type\":\"ImageObject\",\"inLanguage\":\"pt-PT\",\"@id\":\"https:\\\/\\\/boccas.biz\\\/#\\\/schema\\\/logo\\\/image\\\/\",\"url\":\"https:\\\/\\\/boccas.biz\\\/wp-content\\\/uploads\\\/2017\\\/10\\\/Boccas_mainlogo4.png\",\"contentUrl\":\"https:\\\/\\\/boccas.biz\\\/wp-content\\\/uploads\\\/2017\\\/10\\\/Boccas_mainlogo4.png\",\"width\":250,\"height\":250,\"caption\":\"Boccas\"},\"image\":{\"@id\":\"https:\\\/\\\/boccas.biz\\\/#\\\/schema\\\/logo\\\/image\\\/\"},\"sameAs\":[\"https:\\\/\\\/pt-pt.facebook.com\\\/Boccas-850820878274686\\\/\",\"https:\\\/\\\/www.youtube.com\\\/channel\\\/UCO2Nsi2uu73QVljANP75NZg\\\/\"]}]}<\/script>\n<!-- \/ Yoast SEO plugin. -->","yoast_head_json":{"title":"Ficha de Projeto - Norte 2020 | Boccas","robots":{"index":"index","follow":"follow","max-snippet":"max-snippet:-1","max-image-preview":"max-image-preview:large","max-video-preview":"max-video-preview:-1"},"canonical":"https:\/\/boccas.biz\/pt\/ficha-de-projeto-norte-2020\/","og_locale":"pt_PT","og_type":"article","og_title":"Ficha de Projeto - Norte 2020 | Boccas","og_description":"FICHA DE PROJETO &#8211; NORTE 2020 Detalhes e informa\u00e7\u00e3o acerca do programa operacional regional do norte. Designa\u00e7\u00e3o do projeto\u00a0|\u00a0\u00a0PROJETOS INDIVIDUAIS \u2013 Internacionaliza\u00e7\u00e3o C\u00f3digo do projeto |\u00a0NORTE-02-0752-FEDER-025608 C\u00f3digo do projeto |\u00a0NORTE-06-3560-FSE-025608 Objetivo principal |\u00a0OT 3 \u2013 Refor\u00e7ar a competitividade das PME Regi\u00e3o de interven\u00e7\u00e3o |\u00a0Norte &nbsp; Entidade benefici\u00e1ria |\u00a0BoccasBalls Unipessoal, Lda. Data de aprova\u00e7\u00e3o |\u00a017-07-2017 Data... Read More","og_url":"https:\/\/boccas.biz\/pt\/ficha-de-projeto-norte-2020\/","og_site_name":"Boccas","article_publisher":"https:\/\/pt-pt.facebook.com\/Boccas-850820878274686\/","article_modified_time":"2022-01-25T11:37:05+00:00","og_image":[{"url":"https:\/\/boccas.biz\/wp-content\/uploads\/2018\/12\/barra_2020_800.png","type":"","width":"","height":""}],"twitter_card":"summary_large_image","twitter_misc":{"Tempo estimado de leitura":"2 minutos"},"schema":{"@context":"https:\/\/schema.org","@graph":[{"@type":"WebPage","@id":"https:\/\/boccas.biz\/ficha-de-projeto-norte-2020\/","url":"https:\/\/boccas.biz\/ficha-de-projeto-norte-2020\/","name":"Ficha de Projeto - Norte 2020 | Boccas","isPartOf":{"@id":"https:\/\/boccas.biz\/#website"},"primaryImageOfPage":{"@id":"https:\/\/boccas.biz\/ficha-de-projeto-norte-2020\/#primaryimage"},"image":{"@id":"https:\/\/boccas.biz\/ficha-de-projeto-norte-2020\/#primaryimage"},"thumbnailUrl":"https:\/\/boccas.biz\/wp-content\/uploads\/2018\/12\/barra_2020_800.png","datePublished":"2018-12-19T16:50:15+00:00","dateModified":"2022-01-25T11:37:05+00:00","breadcrumb":{"@id":"https:\/\/boccas.biz\/ficha-de-projeto-norte-2020\/#breadcrumb"},"inLanguage":"pt-PT","potentialAction":[{"@type":"ReadAction","target":["https:\/\/boccas.biz\/ficha-de-projeto-norte-2020\/"]}]},{"@type":"ImageObject","inLanguage":"pt-PT","@id":"https:\/\/boccas.biz\/ficha-de-projeto-norte-2020\/#primaryimage","url":"https:\/\/boccas.biz\/wp-content\/uploads\/2018\/12\/barra_2020_800.png","contentUrl":"https:\/\/boccas.biz\/wp-content\/uploads\/2018\/12\/barra_2020_800.png"},{"@type":"BreadcrumbList","@id":"https:\/\/boccas.biz\/ficha-de-projeto-norte-2020\/#breadcrumb","itemListElement":[{"@type":"ListItem","position":1,"name":"Home","item":"https:\/\/boccas.biz\/"},{"@type":"ListItem","position":2,"name":"Ficha de Projeto &#8211; Norte 2020"}]},{"@type":"WebSite","@id":"https:\/\/boccas.biz\/#website","url":"https:\/\/boccas.biz\/","name":"Boccas","description":"Boccia Products","publisher":{"@id":"https:\/\/boccas.biz\/#organization"},"potentialAction":[{"@type":"SearchAction","target":{"@type":"EntryPoint","urlTemplate":"https:\/\/boccas.biz\/?s={search_term_string}"},"query-input":{"@type":"PropertyValueSpecification","valueRequired":true,"valueName":"search_term_string"}}],"inLanguage":"pt-PT"},{"@type":"Organization","@id":"https:\/\/boccas.biz\/#organization","name":"Boccas","url":"https:\/\/boccas.biz\/","logo":{"@type":"ImageObject","inLanguage":"pt-PT","@id":"https:\/\/boccas.biz\/#\/schema\/logo\/image\/","url":"https:\/\/boccas.biz\/wp-content\/uploads\/2017\/10\/Boccas_mainlogo4.png","contentUrl":"https:\/\/boccas.biz\/wp-content\/uploads\/2017\/10\/Boccas_mainlogo4.png","width":250,"height":250,"caption":"Boccas"},"image":{"@id":"https:\/\/boccas.biz\/#\/schema\/logo\/image\/"},"sameAs":["https:\/\/pt-pt.facebook.com\/Boccas-850820878274686\/","https:\/\/www.youtube.com\/channel\/UCO2Nsi2uu73QVljANP75NZg\/"]}]}},"jetpack_sharing_enabled":true,"_links":{"self":[{"href":"https:\/\/boccas.biz\/pt\/wp-json\/wp\/v2\/pages\/4657","targetHints":{"allow":["GET"]}}],"collection":[{"href":"https:\/\/boccas.biz\/pt\/wp-json\/wp\/v2\/pages"}],"about":[{"href":"https:\/\/boccas.biz\/pt\/wp-json\/wp\/v2\/types\/page"}],"author":[{"embeddable":true,"href":"https:\/\/boccas.biz\/pt\/wp-json\/wp\/v2\/users\/1"}],"replies":[{"embeddable":true,"href":"https:\/\/boccas.biz\/pt\/wp-json\/wp\/v2\/comments?post=4657"}],"version-history":[{"count":11,"href":"https:\/\/boccas.biz\/pt\/wp-json\/wp\/v2\/pages\/4657\/revisions"}],"predecessor-version":[{"id":4791,"href":"https:\/\/boccas.biz\/pt\/wp-json\/wp\/v2\/pages\/4657\/revisions\/4791"}],"wp:attachment":[{"href":"https:\/\/boccas.biz\/pt\/wp-json\/wp\/v2\/media?parent=4657"}],"curies":[{"name":"wp","href":"https:\/\/api.w.org\/{rel}","templated":true}]}}